{"id":11643,"date":"2025-09-10T09:48:29","date_gmt":"2025-09-10T07:48:29","guid":{"rendered":"https:\/\/privatnilaznetom.cz?page_id=11643"},"modified":"2025-10-07T01:04:16","modified_gmt":"2025-10-06T23:04:16","slug":"cenik-solna-jeskyne","status":"publish","type":"page","link":"https:\/\/privatnilaznetom.cz\/en\/cenik-solna-jeskyne\/","title":{"rendered":"Pricelist salt cave"},"content":{"rendered":"<div data-elementor-type=\"wp-page\" data-elementor-id=\"11643\" class=\"elementor elementor-11643\">\n\t\t\t\t\t\t<section class=\"elementor-section elementor-top-section elementor-element elementor-element-1e47a54 elementor-section-stretched elementor-section-boxed elementor-section-height-default elementor-section-height-default\" data-id=\"1e47a54\" data-element_type=\"section\" data-e-type=\"section\" data-settings=\"{&quot;stretch_section&quot;:&quot;section-stretched&quot;}\">\n\t\t\t\t\t\t<div class=\"elementor-container elementor-column-gap-default\">\n\t\t\t\t\t<div class=\"elementor-column elementor-col-100 elementor-top-column elementor-element elementor-element-e5d290c\" data-id=\"e5d290c\" data-element_type=\"column\" data-e-type=\"column\">\n\t\t\t<div class=\"elementor-widget-wrap elementor-element-populated\">\n\t\t\t\t\t\t<div class=\"elementor-element elementor-element-991e6ec elementor-widget elementor-widget-heading\" data-id=\"991e6ec\" data-element_type=\"widget\" data-e-type=\"widget\" data-widget_type=\"heading.default\">\n\t\t\t\t<div class=\"elementor-widget-container\">\n\t\t\t\t\t<h1 class=\"elementor-heading-title elementor-size-default\">Pricelist salt cave<\/h1>\t\t\t\t<\/div>\n\t\t\t\t<\/div>\n\t\t\t\t\t<\/div>\n\t\t<\/div>\n\t\t\t\t\t<\/div>\n\t\t<\/section>\n\t\t\t\t<section class=\"elementor-section elementor-top-section elementor-element elementor-element-bd4733e elementor-section-boxed elementor-section-height-default elementor-section-height-default\" data-id=\"bd4733e\" data-element_type=\"section\" data-e-type=\"section\" data-settings=\"{&quot;background_background&quot;:&quot;classic&quot;}\">\n\t\t\t\t\t\t<div class=\"elementor-container elementor-column-gap-default\">\n\t\t\t\t\t<div class=\"elementor-column elementor-col-100 elementor-top-column elementor-element elementor-element-351a916\" data-id=\"351a916\" data-element_type=\"column\" data-e-type=\"column\">\n\t\t\t<div class=\"elementor-widget-wrap elementor-element-populated\">\n\t\t\t\t\t\t<div class=\"elementor-element elementor-element-760c243 elementor-widget elementor-widget-shortcode\" data-id=\"760c243\" data-element_type=\"widget\" data-e-type=\"widget\" data-widget_type=\"shortcode.default\">\n\t\t\t\t<div class=\"elementor-widget-container\">\n\t\t\t\t\t\t\t<div class=\"elementor-shortcode\">\n<table id=\"tablepress-3\" class=\"tablepress tablepress-id-3\">\n<tbody class=\"row-striping row-hover\">\n<tr class=\"row-1\">\n\t<td class=\"column-1\"><\/td><td class=\"column-2\"><b>1 entry (45 min)<\/b><\/td><td class=\"column-3\"><b>10 entries <\/b><br>(valid 3 months)<\/td><td class=\"column-4\"><b>Unlimited for 30 days<\/b><br>only for adults<\/td>\n<\/tr>\n<tr class=\"row-2\">\n\t<td class=\"column-1\">Adults<\/td><td class=\"column-2\">250<\/td><td class=\"column-3\">2 080<\/td><td class=\"column-4\">2 080<\/td>\n<\/tr>\n<tr class=\"row-3\">\n\t<td class=\"column-1\">Discounted (people over 60, students under 26 and children under 15)<\/td><td class=\"column-2\">170<\/td><td class=\"column-3\">1 380<\/td><td class=\"column-4\">\u00d7<\/td>\n<\/tr>\n<tr class=\"row-4\">\n\t<td class=\"column-1\">Child up to 120 cm<\/td><td class=\"column-2\">100<\/td><td class=\"column-3\">\u00d7<\/td><td class=\"column-4\">\u00d7<\/td>\n<\/tr>\n<tr class=\"row-5\">\n\t<td class=\"column-1\">Schools and kindergartens (over 10 children 2x free escort)<\/td><td class=\"column-2\">80<\/td><td class=\"column-3\">\u00d7<\/td><td class=\"column-4\">\u00d7<\/td>\n<\/tr>\n<\/tbody>\n<\/table>\n<!-- #tablepress-3 from cache --><\/div>\n\t\t\t\t\t\t<\/div>\n\t\t\t\t<\/div>\n\t\t\t\t<div class=\"elementor-element elementor-element-b3dadf0 elementor-invisible elementor-widget elementor-widget-text-editor\" data-id=\"b3dadf0\" data-element_type=\"widget\" data-e-type=\"widget\" data-settings=\"{&quot;_animation&quot;:&quot;bounceIn&quot;}\" data-widget_type=\"text-editor.default\">\n\t\t\t\t<div class=\"elementor-widget-container\">\n\t\t\t\t\t\t\t\t\t<p><strong>1 child per adult free of charge<\/strong> \u2013 does not apply when paying with a multisport card or with a discounted tariff.<br \/><strong>Take extra socks with u,<\/strong>on reception cost 30 CZK.<br \/><strong>Season tickets are transferable<\/strong>, valid for 3 months and can be extended by a month by purchasing a new season ticket.<br \/><strong>Want 80 CZK discount?<\/strong> \u2013 when redeeming the last entry for another new season ticket paid in cash.<\/p>\t\t\t\t\t\t\t\t<\/div>\n\t\t\t\t<\/div>\n\t\t\t\t<div class=\"elementor-element elementor-element-3017de0 elementor-widget elementor-widget-shortcode\" data-id=\"3017de0\" data-element_type=\"widget\" data-e-type=\"widget\" data-widget_type=\"shortcode.default\">\n\t\t\t\t<div class=\"elementor-widget-container\">\n\t\t\t\t\t\t\t<div class=\"elementor-shortcode\">\n<table id=\"tablepress-4\" class=\"tablepress tablepress-id-4\">\n<tbody class=\"row-striping row-hover\">\n<tr class=\"row-1\">\n\t<td class=\"column-1\"><\/td><td class=\"column-2\"><b>1-2 people<\/b><\/td><td class=\"column-3\"><b>3-4 people<\/b><\/td><td class=\"column-4\"><b>5-9 os (max kapacita u noci je 6 osob)<\/b><\/td>\n<\/tr>\n<tr class=\"row-2\">\n\t<td class=\"column-1\"><b>Private salt cave 50 min<\/b><\/td><td class=\"column-2\">680<\/td><td class=\"column-3\">880<\/td><td class=\"column-4\">1 080<\/td>\n<\/tr>\n<tr class=\"row-3\">\n\t<td class=\"column-1\"><b>Night at salt cave<\/b><\/td><td class=\"column-2\">2 080<\/td><td class=\"column-3\">2 680<\/td><td class=\"column-4\">3 280<\/td>\n<\/tr>\n<\/tbody>\n<\/table>\n<!-- #tablepress-4 from cache --><\/div>\n\t\t\t\t\t\t<\/div>\n\t\t\t\t<\/div>\n\t\t\t\t<div class=\"elementor-element elementor-element-402b4ba elementor-invisible elementor-widget elementor-widget-text-editor\" data-id=\"402b4ba\" data-element_type=\"widget\" data-e-type=\"widget\" data-settings=\"{&quot;_animation&quot;:&quot;bounceIn&quot;}\" data-widget_type=\"text-editor.default\">\n\t\t\t\t<div class=\"elementor-widget-container\">\n\t\t\t\t\t\t\t\t\t<p>A child and a toddler are considered a person.<br \/>The night is from 8pm to 10am and includes a light breakfast, comfortable covered mattresses, unlimited infrared sauna with shower, cosmetics and towels.<\/p>\t\t\t\t\t\t\t\t<\/div>\n\t\t\t\t<\/div>\n\t\t\t\t\t<\/div>\n\t\t<\/div>\n\t\t\t\t\t<\/div>\n\t\t<\/section>\n\t\t\t\t<section class=\"elementor-section elementor-top-section elementor-element elementor-element-3a87b17 elementor-section-stretched elementor-section-boxed elementor-section-height-default elementor-section-height-default\" data-id=\"3a87b17\" data-element_type=\"section\" data-e-type=\"section\" data-settings=\"{&quot;stretch_section&quot;:&quot;section-stretched&quot;,&quot;background_background&quot;:&quot;classic&quot;}\">\n\t\t\t\t\t\t<div class=\"elementor-container elementor-column-gap-default\">\n\t\t\t\t\t<div class=\"elementor-column elementor-col-50 elementor-top-column elementor-element elementor-element-11df935\" data-id=\"11df935\" data-element_type=\"column\" data-e-type=\"column\">\n\t\t\t<div class=\"elementor-widget-wrap elementor-element-populated\">\n\t\t\t\t\t\t<div class=\"elementor-element elementor-element-f7ae5bb elementor-widget elementor-widget-heading\" data-id=\"f7ae5bb\" data-element_type=\"widget\" data-e-type=\"widget\" data-widget_type=\"heading.default\">\n\t\t\t\t<div class=\"elementor-widget-container\">\n\t\t\t\t\t<h3 class=\"elementor-heading-title elementor-size-default\">Infrasauna 90 min<\/h3>\t\t\t\t<\/div>\n\t\t\t\t<\/div>\n\t\t\t\t<div class=\"elementor-element elementor-element-32b1dda elementor-widget elementor-widget-text-editor\" data-id=\"32b1dda\" data-element_type=\"widget\" data-e-type=\"widget\" data-widget_type=\"text-editor.default\">\n\t\t\t\t<div class=\"elementor-widget-container\">\n\t\t\t\t\t\t\t\t\t<table width=\"446\"><tbody><tr><td width=\"60\"><strong>1 person<\/strong><\/td><td width=\"118\">450 K\u010d \/ entry<\/td><td width=\"118\">3 480 K\u010d \/ 10 entries<\/td><\/tr><tr><td width=\"60\"><strong>2 person<\/strong><\/td><td width=\"118\">650 K\u010d \/ entry<\/td><td width=\"118\">5 480 K\u010d \/ 10 entries<\/td><\/tr><\/tbody><\/table>\t\t\t\t\t\t\t\t<\/div>\n\t\t\t\t<\/div>\n\t\t\t\t<div class=\"elementor-element elementor-element-09d3f19 elementor-invisible elementor-widget elementor-widget-text-editor\" data-id=\"09d3f19\" data-element_type=\"widget\" data-e-type=\"widget\" data-settings=\"{&quot;_animation&quot;:&quot;bounceIn&quot;}\" data-widget_type=\"text-editor.default\">\n\t\t\t\t<div class=\"elementor-widget-container\">\n\t\t\t\t\t\t\t\t\t<p>Towels, sheets, fruit and water are included.<\/p>\t\t\t\t\t\t\t\t<\/div>\n\t\t\t\t<\/div>\n\t\t\t\t\t<\/div>\n\t\t<\/div>\n\t\t\t\t<div class=\"elementor-column elementor-col-50 elementor-top-column elementor-element elementor-element-2a391c2\" data-id=\"2a391c2\" data-element_type=\"column\" data-e-type=\"column\">\n\t\t\t<div class=\"elementor-widget-wrap elementor-element-populated\">\n\t\t\t\t\t\t<div class=\"elementor-element elementor-element-0dd8765 elementor-widget elementor-widget-heading\" data-id=\"0dd8765\" data-element_type=\"widget\" data-e-type=\"widget\" data-widget_type=\"heading.default\">\n\t\t\t\t<div class=\"elementor-widget-container\">\n\t\t\t\t\t<h3 class=\"elementor-heading-title elementor-size-default\">Relax package\n<\/h3>\t\t\t\t<\/div>\n\t\t\t\t<\/div>\n\t\t\t\t<div class=\"elementor-element elementor-element-fb25b3b elementor-widget elementor-widget-text-editor\" data-id=\"fb25b3b\" data-element_type=\"widget\" data-e-type=\"widget\" data-widget_type=\"text-editor.default\">\n\t\t\t\t<div class=\"elementor-widget-container\">\n\t\t\t\t\t\t\t\t\t<table width=\"334\"><tbody><tr><td width=\"114\"><strong>1 person<\/strong><\/td><td width=\"220\">650 K\u010d \/ entry<\/td><\/tr><tr><td width=\"114\"><strong>2 person<\/strong><\/td><td width=\"220\">1050 K\u010d \/ entry<\/td><\/tr><\/tbody><\/table>\t\t\t\t\t\t\t\t<\/div>\n\t\t\t\t<\/div>\n\t\t\t\t<div class=\"elementor-element elementor-element-8907af7 elementor-invisible elementor-widget elementor-widget-text-editor\" data-id=\"8907af7\" data-element_type=\"widget\" data-e-type=\"widget\" data-settings=\"{&quot;_animation&quot;:&quot;bounceIn&quot;}\" data-widget_type=\"text-editor.default\">\n\t\t\t\t<div class=\"elementor-widget-container\">\n\t\t\t\t\t\t\t\t\t<p>Included <strong>salt cave and infrasauna.<\/strong><\/p>\t\t\t\t\t\t\t\t<\/div>\n\t\t\t\t<\/div>\n\t\t\t\t\t<\/div>\n\t\t<\/div>\n\t\t\t\t\t<\/div>\n\t\t<\/section>\n\t\t\t\t<section class=\"elementor-section elementor-top-section elementor-element elementor-element-850685c elementor-section-stretched elementor-section-boxed elementor-section-height-default elementor-section-height-default\" data-id=\"850685c\" data-element_type=\"section\" data-e-type=\"section\" data-settings=\"{&quot;stretch_section&quot;:&quot;section-stretched&quot;,&quot;background_background&quot;:&quot;classic&quot;}\">\n\t\t\t\t\t\t<div class=\"elementor-container elementor-column-gap-default\">\n\t\t\t\t\t<div class=\"elementor-column elementor-col-50 elementor-top-column elementor-element elementor-element-8b7e0dc\" data-id=\"8b7e0dc\" data-element_type=\"column\" data-e-type=\"column\">\n\t\t\t<div class=\"elementor-widget-wrap elementor-element-populated\">\n\t\t\t\t\t\t<div class=\"elementor-element elementor-element-2d04f84 elementor-widget elementor-widget-heading\" data-id=\"2d04f84\" data-element_type=\"widget\" data-e-type=\"widget\" data-widget_type=\"heading.default\">\n\t\t\t\t<div class=\"elementor-widget-container\">\n\t\t\t\t\t<h3 class=\"elementor-heading-title elementor-size-default\">Cancellation<\/h3>\t\t\t\t<\/div>\n\t\t\t\t<\/div>\n\t\t\t\t<div class=\"elementor-element elementor-element-897dd85 elementor-widget elementor-widget-text-editor\" data-id=\"897dd85\" data-element_type=\"widget\" data-e-type=\"widget\" data-widget_type=\"text-editor.default\">\n\t\t\t\t<div class=\"elementor-widget-container\">\n\t\t\t\t\t\t\t\t\t<table width=\"228\"><tbody><tr><td width=\"114\">No fees<\/td><td width=\"114\"><strong>More than 12 hours in advance for salt cave or INFRA and more than 24 hours in advance for nights in SC<\/strong><\/td><\/tr><tr><td width=\"114\">100,00 K\u010d\/os<\/td><td width=\"114\"><strong>Less than 12 hours in advance<\/strong><\/td><\/tr><tr><td width=\"114\">100%<\/td><td width=\"114\"><strong>Storno u noci v SJ p\u0159i stornu m\u00e9n\u011b jak 24h p\u0159edem<\/strong><\/td><\/tr><\/tbody><\/table>\t\t\t\t\t\t\t\t<\/div>\n\t\t\t\t<\/div>\n\t\t\t\t\t<\/div>\n\t\t<\/div>\n\t\t\t\t<div class=\"elementor-column elementor-col-50 elementor-top-column elementor-element elementor-element-3d26413\" data-id=\"3d26413\" data-element_type=\"column\" data-e-type=\"column\">\n\t\t\t<div class=\"elementor-widget-wrap elementor-element-populated\">\n\t\t\t\t\t\t<div class=\"elementor-element elementor-element-2fa6d53 elementor-widget elementor-widget-heading\" data-id=\"2fa6d53\" data-element_type=\"widget\" data-e-type=\"widget\" data-widget_type=\"heading.default\">\n\t\t\t\t<div class=\"elementor-widget-container\">\n\t\t\t\t\t<h3 class=\"elementor-heading-title elementor-size-default\">Payments<\/h3>\t\t\t\t<\/div>\n\t\t\t\t<\/div>\n\t\t\t\t<div class=\"elementor-element elementor-element-9c43f11 elementor-widget elementor-widget-text-editor\" data-id=\"9c43f11\" data-element_type=\"widget\" data-e-type=\"widget\" data-widget_type=\"text-editor.default\">\n\t\t\t\t<div class=\"elementor-widget-container\">\n\t\t\t\t\t\t\t\t\t<table width=\"228\"><tbody><tr><td width=\"114\">No fees<\/td><td width=\"114\"><b>Cash<\/b><\/td><\/tr><tr><td width=\"114\">No fees over 100 K\u010d<\/td><td width=\"114\"><strong>Card<\/strong><\/td><\/tr><tr><td width=\"114\">No fees<\/td><td width=\"114\"><strong>FKSP or invoice in advance on info@laznetom.cz<\/strong><\/td><\/tr><tr><td width=\"114\">8%<\/td><td width=\"114\"><strong>Benefity a.s., Benefit+ a Pluxee<\/strong><\/td><\/tr><\/tbody><\/table>\t\t\t\t\t\t\t\t<\/div>\n\t\t\t\t<\/div>\n\t\t\t\t\t<\/div>\n\t\t<\/div>\n\t\t\t\t\t<\/div>\n\t\t<\/section>\n\t\t\t\t<\/div>","protected":false},"excerpt":{"rendered":"<p>Cen\u00edk Soln\u00e1 jeskyn\u011b 1 d\u00edt\u011b k dosp\u011bl\u00e9 osob\u011b zdarma &#8211; neplat\u00ed p\u0159i platb\u011b multisport kartou \u010di ke zv\u00fdhodn\u011bn\u00e9mu tarifu.\u010cist\u00e9 n\u00e1hradn\u00ed pono\u017eky s sebou, na m\u00edst\u011b za 30 K\u010d\/p\u00e1r.Permanentky jsou p\u0159enosn\u00e9, plat\u00ed 3 m\u011bs\u00edce a daj\u00ed se prodlou\u017eit o m\u011bs\u00edc p\u0159i sou\u010dasn\u00e9 koupi nov\u00e9 permanentky.V\u011brnostn\u00ed sleva 80 K\u010d &#8211; p\u0159i uplatn\u011bn\u00ed posledn\u00edho vstupu na dal\u0161\u00ed novou [&hellip;]<\/p>\n","protected":false},"author":1231,"featured_media":11768,"parent":0,"menu_order":0,"comment_status":"closed","ping_status":"closed","template":"elementor_header_footer","meta":{"footnotes":""},"class_list":["post-11643","page","type-page","status-publish","has-post-thumbnail","hentry"],"yoast_head":"<!-- This site is optimized with the Yoast SEO plugin v27.3 - https:\/\/yoast.com\/product\/yoast-seo-wordpress\/ -->\n<title>Cen\u00edk soln\u00e1 jeskyn\u011b - L\u00e1zn\u011b TOM<\/title>\n<meta name=\"description\" content=\"Priv\u00e1tn\u00ed l\u00e1zn\u011b, soln\u00e9 l\u00e1zn\u011b, wellness &amp; sauna, sauna apartm\u00e1n\" \/>\n<meta name=\"robots\" content=\"index, follow, max-snippet:-1, max-image-preview:large, max-video-preview:-1\" \/>\n<link rel=\"canonical\" href=\"https:\/\/privatnilaznetom.cz\/en\/cenik-solna-jeskyne\/\" \/>\n<meta property=\"og:locale\" content=\"en_GB\" \/>\n<meta property=\"og:type\" content=\"article\" \/>\n<meta property=\"og:title\" content=\"Cen\u00edk soln\u00e1 jeskyn\u011b - L\u00e1zn\u011b TOM\" \/>\n<meta property=\"og:description\" content=\"Priv\u00e1tn\u00ed l\u00e1zn\u011b, soln\u00e9 l\u00e1zn\u011b, wellness &amp; sauna, sauna apartm\u00e1n\" \/>\n<meta property=\"og:url\" content=\"https:\/\/privatnilaznetom.cz\/en\/cenik-solna-jeskyne\/\" \/>\n<meta property=\"og:site_name\" content=\"L\u00e1zn\u011b TOM\" \/>\n<meta property=\"article:publisher\" content=\"https:\/\/www.facebook.com\/laznetom\" \/>\n<meta property=\"article:modified_time\" content=\"2025-10-06T23:04:16+00:00\" \/>\n<meta property=\"og:image\" content=\"https:\/\/privatnilaznetom.cz\/wp-content\/uploads\/2025\/09\/icon_page.jpg\" \/>\n\t<meta property=\"og:image:width\" content=\"1350\" \/>\n\t<meta property=\"og:image:height\" content=\"900\" \/>\n\t<meta property=\"og:image:type\" content=\"image\/jpeg\" \/>\n<meta name=\"twitter:card\" content=\"summary_large_image\" \/>\n<meta name=\"twitter:label1\" content=\"Estimated reading time\" \/>\n\t<meta name=\"twitter:data1\" content=\"2 minutes\" \/>\n<script type=\"application\/ld+json\" class=\"yoast-schema-graph\">{\"@context\":\"https:\\\/\\\/schema.org\",\"@graph\":[{\"@type\":\"WebPage\",\"@id\":\"https:\\\/\\\/privatnilaznetom.cz\\\/cenik-solna-jeskyne\\\/\",\"url\":\"https:\\\/\\\/privatnilaznetom.cz\\\/cenik-solna-jeskyne\\\/\",\"name\":\"Cen\u00edk soln\u00e1 jeskyn\u011b - L\u00e1zn\u011b TOM\",\"isPartOf\":{\"@id\":\"https:\\\/\\\/privatnilaznetom.cz\\\/#website\"},\"primaryImageOfPage\":{\"@id\":\"https:\\\/\\\/privatnilaznetom.cz\\\/cenik-solna-jeskyne\\\/#primaryimage\"},\"image\":{\"@id\":\"https:\\\/\\\/privatnilaznetom.cz\\\/cenik-solna-jeskyne\\\/#primaryimage\"},\"thumbnailUrl\":\"https:\\\/\\\/privatnilaznetom.cz\\\/wp-content\\\/uploads\\\/2025\\\/09\\\/icon_page.jpg\",\"datePublished\":\"2025-09-10T07:48:29+00:00\",\"dateModified\":\"2025-10-06T23:04:16+00:00\",\"description\":\"Priv\u00e1tn\u00ed l\u00e1zn\u011b, soln\u00e9 l\u00e1zn\u011b, wellness & sauna, sauna apartm\u00e1n\",\"breadcrumb\":{\"@id\":\"https:\\\/\\\/privatnilaznetom.cz\\\/cenik-solna-jeskyne\\\/#breadcrumb\"},\"inLanguage\":\"en-GB\",\"potentialAction\":[{\"@type\":\"ReadAction\",\"target\":[\"https:\\\/\\\/privatnilaznetom.cz\\\/cenik-solna-jeskyne\\\/\"]}]},{\"@type\":\"ImageObject\",\"inLanguage\":\"en-GB\",\"@id\":\"https:\\\/\\\/privatnilaznetom.cz\\\/cenik-solna-jeskyne\\\/#primaryimage\",\"url\":\"https:\\\/\\\/privatnilaznetom.cz\\\/wp-content\\\/uploads\\\/2025\\\/09\\\/icon_page.jpg\",\"contentUrl\":\"https:\\\/\\\/privatnilaznetom.cz\\\/wp-content\\\/uploads\\\/2025\\\/09\\\/icon_page.jpg\",\"width\":1350,\"height\":900,\"caption\":\"Screenshot\"},{\"@type\":\"BreadcrumbList\",\"@id\":\"https:\\\/\\\/privatnilaznetom.cz\\\/cenik-solna-jeskyne\\\/#breadcrumb\",\"itemListElement\":[{\"@type\":\"ListItem\",\"position\":1,\"name\":\"Dom\u016f\",\"item\":\"https:\\\/\\\/privatnilaznetom.cz\\\/\"},{\"@type\":\"ListItem\",\"position\":2,\"name\":\"Cen\u00edk soln\u00e1 jeskyn\u011b\"}]},{\"@type\":\"WebSite\",\"@id\":\"https:\\\/\\\/privatnilaznetom.cz\\\/#website\",\"url\":\"https:\\\/\\\/privatnilaznetom.cz\\\/\",\"name\":\"L\u00e1zn\u011b TOM\",\"description\":\"Priv\u00e1tn\u00ed l\u00e1zn\u011b, soln\u00e9 l\u00e1zn\u011b, wellness &amp; sauna, sauna apartm\u00e1n\",\"publisher\":{\"@id\":\"https:\\\/\\\/privatnilaznetom.cz\\\/#organization\"},\"alternateName\":\"Priv\u00e1tn\u00ed l\u00e1zn\u011b, soln\u00e9 l\u00e1zn\u011b, wellness & sauna, sauna apartm\u00e1n\",\"potentialAction\":[{\"@type\":\"SearchAction\",\"target\":{\"@type\":\"EntryPoint\",\"urlTemplate\":\"https:\\\/\\\/privatnilaznetom.cz\\\/?s={search_term_string}\"},\"query-input\":{\"@type\":\"PropertyValueSpecification\",\"valueRequired\":true,\"valueName\":\"search_term_string\"}}],\"inLanguage\":\"en-GB\"},{\"@type\":\"Organization\",\"@id\":\"https:\\\/\\\/privatnilaznetom.cz\\\/#organization\",\"name\":\"L\u00e1zn\u011b TOM\",\"alternateName\":\"Priv\u00e1tn\u00ed l\u00e1zn\u011b, soln\u00e9 l\u00e1zn\u011b, wellness & sauna, sauna apartm\u00e1n\",\"url\":\"https:\\\/\\\/privatnilaznetom.cz\\\/\",\"logo\":{\"@type\":\"ImageObject\",\"inLanguage\":\"en-GB\",\"@id\":\"https:\\\/\\\/privatnilaznetom.cz\\\/#\\\/schema\\\/logo\\\/image\\\/\",\"url\":\"https:\\\/\\\/privatnilaznetom.cz\\\/wp-content\\\/uploads\\\/2025\\\/09\\\/Lazne-tom-black-1080.png\",\"contentUrl\":\"https:\\\/\\\/privatnilaznetom.cz\\\/wp-content\\\/uploads\\\/2025\\\/09\\\/Lazne-tom-black-1080.png\",\"width\":1080,\"height\":506,\"caption\":\"L\u00e1zn\u011b TOM\"},\"image\":{\"@id\":\"https:\\\/\\\/privatnilaznetom.cz\\\/#\\\/schema\\\/logo\\\/image\\\/\"},\"sameAs\":[\"https:\\\/\\\/www.facebook.com\\\/laznetom\",\"https:\\\/\\\/www.instagram.com\\\/laznetom\\\/\"]}]}<\/script>\n<!-- \/ Yoast SEO plugin. -->","yoast_head_json":{"title":"Cen\u00edk soln\u00e1 jeskyn\u011b - L\u00e1zn\u011b TOM","description":"Priv\u00e1tn\u00ed l\u00e1zn\u011b, soln\u00e9 l\u00e1zn\u011b, wellness & sauna, sauna apartm\u00e1n","robots":{"index":"index","follow":"follow","max-snippet":"max-snippet:-1","max-image-preview":"max-image-preview:large","max-video-preview":"max-video-preview:-1"},"canonical":"https:\/\/privatnilaznetom.cz\/en\/cenik-solna-jeskyne\/","og_locale":"en_GB","og_type":"article","og_title":"Cen\u00edk soln\u00e1 jeskyn\u011b - L\u00e1zn\u011b TOM","og_description":"Priv\u00e1tn\u00ed l\u00e1zn\u011b, soln\u00e9 l\u00e1zn\u011b, wellness & sauna, sauna apartm\u00e1n","og_url":"https:\/\/privatnilaznetom.cz\/en\/cenik-solna-jeskyne\/","og_site_name":"L\u00e1zn\u011b TOM","article_publisher":"https:\/\/www.facebook.com\/laznetom","article_modified_time":"2025-10-06T23:04:16+00:00","og_image":[{"width":1350,"height":900,"url":"https:\/\/privatnilaznetom.cz\/wp-content\/uploads\/2025\/09\/icon_page.jpg","type":"image\/jpeg"}],"twitter_card":"summary_large_image","twitter_misc":{"Estimated reading time":"2 minutes"},"schema":{"@context":"https:\/\/schema.org","@graph":[{"@type":"WebPage","@id":"https:\/\/privatnilaznetom.cz\/cenik-solna-jeskyne\/","url":"https:\/\/privatnilaznetom.cz\/cenik-solna-jeskyne\/","name":"Cen\u00edk soln\u00e1 jeskyn\u011b - L\u00e1zn\u011b TOM","isPartOf":{"@id":"https:\/\/privatnilaznetom.cz\/#website"},"primaryImageOfPage":{"@id":"https:\/\/privatnilaznetom.cz\/cenik-solna-jeskyne\/#primaryimage"},"image":{"@id":"https:\/\/privatnilaznetom.cz\/cenik-solna-jeskyne\/#primaryimage"},"thumbnailUrl":"https:\/\/privatnilaznetom.cz\/wp-content\/uploads\/2025\/09\/icon_page.jpg","datePublished":"2025-09-10T07:48:29+00:00","dateModified":"2025-10-06T23:04:16+00:00","description":"Priv\u00e1tn\u00ed l\u00e1zn\u011b, soln\u00e9 l\u00e1zn\u011b, wellness & sauna, sauna apartm\u00e1n","breadcrumb":{"@id":"https:\/\/privatnilaznetom.cz\/cenik-solna-jeskyne\/#breadcrumb"},"inLanguage":"en-GB","potentialAction":[{"@type":"ReadAction","target":["https:\/\/privatnilaznetom.cz\/cenik-solna-jeskyne\/"]}]},{"@type":"ImageObject","inLanguage":"en-GB","@id":"https:\/\/privatnilaznetom.cz\/cenik-solna-jeskyne\/#primaryimage","url":"https:\/\/privatnilaznetom.cz\/wp-content\/uploads\/2025\/09\/icon_page.jpg","contentUrl":"https:\/\/privatnilaznetom.cz\/wp-content\/uploads\/2025\/09\/icon_page.jpg","width":1350,"height":900,"caption":"Screenshot"},{"@type":"BreadcrumbList","@id":"https:\/\/privatnilaznetom.cz\/cenik-solna-jeskyne\/#breadcrumb","itemListElement":[{"@type":"ListItem","position":1,"name":"Dom\u016f","item":"https:\/\/privatnilaznetom.cz\/"},{"@type":"ListItem","position":2,"name":"Cen\u00edk soln\u00e1 jeskyn\u011b"}]},{"@type":"WebSite","@id":"https:\/\/privatnilaznetom.cz\/#website","url":"https:\/\/privatnilaznetom.cz\/","name":"L\u00e1zn\u011b TOM","description":"Priv\u00e1tn\u00ed l\u00e1zn\u011b, soln\u00e9 l\u00e1zn\u011b, wellness &amp; sauna, sauna apartm\u00e1n","publisher":{"@id":"https:\/\/privatnilaznetom.cz\/#organization"},"alternateName":"Priv\u00e1tn\u00ed l\u00e1zn\u011b, soln\u00e9 l\u00e1zn\u011b, wellness & sauna, sauna apartm\u00e1n","potentialAction":[{"@type":"SearchAction","target":{"@type":"EntryPoint","urlTemplate":"https:\/\/privatnilaznetom.cz\/?s={search_term_string}"},"query-input":{"@type":"PropertyValueSpecification","valueRequired":true,"valueName":"search_term_string"}}],"inLanguage":"en-GB"},{"@type":"Organization","@id":"https:\/\/privatnilaznetom.cz\/#organization","name":"L\u00e1zn\u011b TOM","alternateName":"Priv\u00e1tn\u00ed l\u00e1zn\u011b, soln\u00e9 l\u00e1zn\u011b, wellness & sauna, sauna apartm\u00e1n","url":"https:\/\/privatnilaznetom.cz\/","logo":{"@type":"ImageObject","inLanguage":"en-GB","@id":"https:\/\/privatnilaznetom.cz\/#\/schema\/logo\/image\/","url":"https:\/\/privatnilaznetom.cz\/wp-content\/uploads\/2025\/09\/Lazne-tom-black-1080.png","contentUrl":"https:\/\/privatnilaznetom.cz\/wp-content\/uploads\/2025\/09\/Lazne-tom-black-1080.png","width":1080,"height":506,"caption":"L\u00e1zn\u011b TOM"},"image":{"@id":"https:\/\/privatnilaznetom.cz\/#\/schema\/logo\/image\/"},"sameAs":["https:\/\/www.facebook.com\/laznetom","https:\/\/www.instagram.com\/laznetom\/"]}]}},"_links":{"self":[{"href":"https:\/\/privatnilaznetom.cz\/en\/wp-json\/wp\/v2\/pages\/11643","targetHints":{"allow":["GET"]}}],"collection":[{"href":"https:\/\/privatnilaznetom.cz\/en\/wp-json\/wp\/v2\/pages"}],"about":[{"href":"https:\/\/privatnilaznetom.cz\/en\/wp-json\/wp\/v2\/types\/page"}],"author":[{"embeddable":true,"href":"https:\/\/privatnilaznetom.cz\/en\/wp-json\/wp\/v2\/users\/1231"}],"replies":[{"embeddable":true,"href":"https:\/\/privatnilaznetom.cz\/en\/wp-json\/wp\/v2\/comments?post=11643"}],"version-history":[{"count":0,"href":"https:\/\/privatnilaznetom.cz\/en\/wp-json\/wp\/v2\/pages\/11643\/revisions"}],"wp:featuredmedia":[{"embeddable":true,"href":"https:\/\/privatnilaznetom.cz\/en\/wp-json\/wp\/v2\/media\/11768"}],"wp:attachment":[{"href":"https:\/\/privatnilaznetom.cz\/en\/wp-json\/wp\/v2\/media?parent=11643"}],"curies":[{"name":"wp","href":"https:\/\/api.w.org\/{rel}","templated":true}]}}