{"id":8407,"date":"2024-09-29T12:38:08","date_gmt":"2024-09-29T10:38:08","guid":{"rendered":"https:\/\/privatnilaznetom.cz?post_type=product&#038;p=8407"},"modified":"2025-12-02T13:45:09","modified_gmt":"2025-12-02T12:45:09","slug":"prosecco-02l","status":"publish","type":"product","link":"https:\/\/privatnilaznetom.cz\/en\/product\/prosecco-02l\/","title":{"rendered":"Prosecco DOC 0,7l"},"content":{"rendered":"<p>Prosecco Vigne Matte DOC Extra Dry\/Brut 0,7l<\/p>","protected":false},"excerpt":{"rendered":"<p>Prosecco Vigne Matte 0,7l DOC Extra Dry\/Brut<\/p>","protected":false},"featured_media":9292,"template":"","meta":[],"product_brand":[],"product_cat":[36],"product_tag":[],"class_list":{"0":"post-8407","1":"product","2":"type-product","3":"status-publish","4":"has-post-thumbnail","6":"product_cat-minibar","8":"first","9":"instock","10":"virtual","11":"taxable","12":"purchasable","13":"product-type-simple"},"yoast_head":"<!-- This site is optimized with the Yoast SEO plugin v27.3 - https:\/\/yoast.com\/product\/yoast-seo-wordpress\/ -->\n<title>Prosecco DOC 0,7l - L\u00e1zn\u011b TOM<\/title>\n<meta name=\"robots\" content=\"noindex, follow\" \/>\n<meta property=\"og:locale\" content=\"en_GB\" \/>\n<meta property=\"og:type\" content=\"article\" \/>\n<meta property=\"og:title\" content=\"Prosecco DOC 0,7l - L\u00e1zn\u011b TOM\" \/>\n<meta property=\"og:description\" content=\"Prosecco Vigne Matte 0,7l DOC Extra Dry\/Brut\" \/>\n<meta property=\"og:url\" content=\"https:\/\/privatnilaznetom.cz\/en\/product\/prosecco-02l\/\" \/>\n<meta property=\"og:site_name\" content=\"L\u00e1zn\u011b TOM\" \/>\n<meta property=\"article:publisher\" content=\"https:\/\/www.facebook.com\/laznetom\" \/>\n<meta property=\"article:modified_time\" content=\"2025-12-02T12:45:09+00:00\" \/>\n<meta property=\"og:image\" content=\"https:\/\/privatnilaznetom.cz\/wp-content\/uploads\/2024\/09\/Minibar-05.png\" \/>\n\t<meta property=\"og:image:width\" content=\"601\" \/>\n\t<meta property=\"og:image:height\" content=\"600\" \/>\n\t<meta property=\"og:image:type\" content=\"image\/png\" \/>\n<meta name=\"twitter:card\" content=\"summary_large_image\" \/>\n<meta name=\"twitter:label1\" content=\"Estimated reading time\" \/>\n\t<meta name=\"twitter:data1\" content=\"1 minute\" \/>\n<script type=\"application\/ld+json\" class=\"yoast-schema-graph\">{\"@context\":\"https:\\\/\\\/schema.org\",\"@graph\":[{\"@type\":\"WebPage\",\"@id\":\"https:\\\/\\\/privatnilaznetom.cz\\\/produkt\\\/prosecco-02l\\\/\",\"url\":\"https:\\\/\\\/privatnilaznetom.cz\\\/produkt\\\/prosecco-02l\\\/\",\"name\":\"Prosecco DOC 0,7l - L\u00e1zn\u011b TOM\",\"isPartOf\":{\"@id\":\"https:\\\/\\\/privatnilaznetom.cz\\\/#website\"},\"primaryImageOfPage\":{\"@id\":\"https:\\\/\\\/privatnilaznetom.cz\\\/produkt\\\/prosecco-02l\\\/#primaryimage\"},\"image\":{\"@id\":\"https:\\\/\\\/privatnilaznetom.cz\\\/produkt\\\/prosecco-02l\\\/#primaryimage\"},\"thumbnailUrl\":\"https:\\\/\\\/privatnilaznetom.cz\\\/wp-content\\\/uploads\\\/2024\\\/09\\\/Minibar-05.png\",\"datePublished\":\"2024-09-29T10:38:08+00:00\",\"dateModified\":\"2025-12-02T12:45:09+00:00\",\"breadcrumb\":{\"@id\":\"https:\\\/\\\/privatnilaznetom.cz\\\/produkt\\\/prosecco-02l\\\/#breadcrumb\"},\"inLanguage\":\"en-GB\",\"potentialAction\":[{\"@type\":\"ReadAction\",\"target\":[\"https:\\\/\\\/privatnilaznetom.cz\\\/produkt\\\/prosecco-02l\\\/\"]}]},{\"@type\":\"ImageObject\",\"inLanguage\":\"en-GB\",\"@id\":\"https:\\\/\\\/privatnilaznetom.cz\\\/produkt\\\/prosecco-02l\\\/#primaryimage\",\"url\":\"https:\\\/\\\/privatnilaznetom.cz\\\/wp-content\\\/uploads\\\/2024\\\/09\\\/Minibar-05.png\",\"contentUrl\":\"https:\\\/\\\/privatnilaznetom.cz\\\/wp-content\\\/uploads\\\/2024\\\/09\\\/Minibar-05.png\",\"width\":601,\"height\":600,\"caption\":\"minibar prosecco\"},{\"@type\":\"BreadcrumbList\",\"@id\":\"https:\\\/\\\/privatnilaznetom.cz\\\/produkt\\\/prosecco-02l\\\/#breadcrumb\",\"itemListElement\":[{\"@type\":\"ListItem\",\"position\":1,\"name\":\"Dom\u016f\",\"item\":\"https:\\\/\\\/privatnilaznetom.cz\\\/\"},{\"@type\":\"ListItem\",\"position\":2,\"name\":\"V\u0161echny produkty\",\"item\":\"https:\\\/\\\/privatnilaznetom.cz\\\/en\\\/vsechny-produkty\\\/\"},{\"@type\":\"ListItem\",\"position\":3,\"name\":\"Prosecco DOC 0,7l\"}]},{\"@type\":\"WebSite\",\"@id\":\"https:\\\/\\\/privatnilaznetom.cz\\\/#website\",\"url\":\"https:\\\/\\\/privatnilaznetom.cz\\\/\",\"name\":\"L\u00e1zn\u011b TOM\",\"description\":\"Priv\u00e1tn\u00ed l\u00e1zn\u011b, soln\u00e9 l\u00e1zn\u011b, wellness &amp; sauna, sauna apartm\u00e1n\",\"publisher\":{\"@id\":\"https:\\\/\\\/privatnilaznetom.cz\\\/#organization\"},\"alternateName\":\"Priv\u00e1tn\u00ed l\u00e1zn\u011b, soln\u00e9 l\u00e1zn\u011b, wellness & sauna, sauna apartm\u00e1n\",\"potentialAction\":[{\"@type\":\"SearchAction\",\"target\":{\"@type\":\"EntryPoint\",\"urlTemplate\":\"https:\\\/\\\/privatnilaznetom.cz\\\/?s={search_term_string}\"},\"query-input\":{\"@type\":\"PropertyValueSpecification\",\"valueRequired\":true,\"valueName\":\"search_term_string\"}}],\"inLanguage\":\"en-GB\"},{\"@type\":\"Organization\",\"@id\":\"https:\\\/\\\/privatnilaznetom.cz\\\/#organization\",\"name\":\"L\u00e1zn\u011b TOM\",\"alternateName\":\"Priv\u00e1tn\u00ed l\u00e1zn\u011b, soln\u00e9 l\u00e1zn\u011b, wellness & sauna, sauna apartm\u00e1n\",\"url\":\"https:\\\/\\\/privatnilaznetom.cz\\\/\",\"logo\":{\"@type\":\"ImageObject\",\"inLanguage\":\"en-GB\",\"@id\":\"https:\\\/\\\/privatnilaznetom.cz\\\/#\\\/schema\\\/logo\\\/image\\\/\",\"url\":\"https:\\\/\\\/privatnilaznetom.cz\\\/wp-content\\\/uploads\\\/2025\\\/09\\\/Lazne-tom-black-1080.png\",\"contentUrl\":\"https:\\\/\\\/privatnilaznetom.cz\\\/wp-content\\\/uploads\\\/2025\\\/09\\\/Lazne-tom-black-1080.png\",\"width\":1080,\"height\":506,\"caption\":\"L\u00e1zn\u011b TOM\"},\"image\":{\"@id\":\"https:\\\/\\\/privatnilaznetom.cz\\\/#\\\/schema\\\/logo\\\/image\\\/\"},\"sameAs\":[\"https:\\\/\\\/www.facebook.com\\\/laznetom\",\"https:\\\/\\\/www.instagram.com\\\/laznetom\\\/\"]}]}<\/script>\n<!-- \/ Yoast SEO plugin. -->","yoast_head_json":{"title":"Prosecco DOC 0,7l - L\u00e1zn\u011b TOM","robots":{"index":"noindex","follow":"follow"},"og_locale":"en_GB","og_type":"article","og_title":"Prosecco DOC 0,7l - L\u00e1zn\u011b TOM","og_description":"Prosecco Vigne Matte 0,7l DOC Extra Dry\/Brut","og_url":"https:\/\/privatnilaznetom.cz\/en\/product\/prosecco-02l\/","og_site_name":"L\u00e1zn\u011b TOM","article_publisher":"https:\/\/www.facebook.com\/laznetom","article_modified_time":"2025-12-02T12:45:09+00:00","og_image":[{"width":601,"height":600,"url":"https:\/\/privatnilaznetom.cz\/wp-content\/uploads\/2024\/09\/Minibar-05.png","type":"image\/png"}],"twitter_card":"summary_large_image","twitter_misc":{"Estimated reading time":"1 minute"},"schema":{"@context":"https:\/\/schema.org","@graph":[{"@type":"WebPage","@id":"https:\/\/privatnilaznetom.cz\/produkt\/prosecco-02l\/","url":"https:\/\/privatnilaznetom.cz\/produkt\/prosecco-02l\/","name":"Prosecco DOC 0,7l - L\u00e1zn\u011b TOM","isPartOf":{"@id":"https:\/\/privatnilaznetom.cz\/#website"},"primaryImageOfPage":{"@id":"https:\/\/privatnilaznetom.cz\/produkt\/prosecco-02l\/#primaryimage"},"image":{"@id":"https:\/\/privatnilaznetom.cz\/produkt\/prosecco-02l\/#primaryimage"},"thumbnailUrl":"https:\/\/privatnilaznetom.cz\/wp-content\/uploads\/2024\/09\/Minibar-05.png","datePublished":"2024-09-29T10:38:08+00:00","dateModified":"2025-12-02T12:45:09+00:00","breadcrumb":{"@id":"https:\/\/privatnilaznetom.cz\/produkt\/prosecco-02l\/#breadcrumb"},"inLanguage":"en-GB","potentialAction":[{"@type":"ReadAction","target":["https:\/\/privatnilaznetom.cz\/produkt\/prosecco-02l\/"]}]},{"@type":"ImageObject","inLanguage":"en-GB","@id":"https:\/\/privatnilaznetom.cz\/produkt\/prosecco-02l\/#primaryimage","url":"https:\/\/privatnilaznetom.cz\/wp-content\/uploads\/2024\/09\/Minibar-05.png","contentUrl":"https:\/\/privatnilaznetom.cz\/wp-content\/uploads\/2024\/09\/Minibar-05.png","width":601,"height":600,"caption":"minibar prosecco"},{"@type":"BreadcrumbList","@id":"https:\/\/privatnilaznetom.cz\/produkt\/prosecco-02l\/#breadcrumb","itemListElement":[{"@type":"ListItem","position":1,"name":"Dom\u016f","item":"https:\/\/privatnilaznetom.cz\/"},{"@type":"ListItem","position":2,"name":"V\u0161echny produkty","item":"https:\/\/privatnilaznetom.cz\/en\/vsechny-produkty\/"},{"@type":"ListItem","position":3,"name":"Prosecco DOC 0,7l"}]},{"@type":"WebSite","@id":"https:\/\/privatnilaznetom.cz\/#website","url":"https:\/\/privatnilaznetom.cz\/","name":"L\u00e1zn\u011b TOM","description":"Priv\u00e1tn\u00ed l\u00e1zn\u011b, soln\u00e9 l\u00e1zn\u011b, wellness &amp; sauna, sauna apartm\u00e1n","publisher":{"@id":"https:\/\/privatnilaznetom.cz\/#organization"},"alternateName":"Priv\u00e1tn\u00ed l\u00e1zn\u011b, soln\u00e9 l\u00e1zn\u011b, wellness & sauna, sauna apartm\u00e1n","potentialAction":[{"@type":"SearchAction","target":{"@type":"EntryPoint","urlTemplate":"https:\/\/privatnilaznetom.cz\/?s={search_term_string}"},"query-input":{"@type":"PropertyValueSpecification","valueRequired":true,"valueName":"search_term_string"}}],"inLanguage":"en-GB"},{"@type":"Organization","@id":"https:\/\/privatnilaznetom.cz\/#organization","name":"L\u00e1zn\u011b TOM","alternateName":"Priv\u00e1tn\u00ed l\u00e1zn\u011b, soln\u00e9 l\u00e1zn\u011b, wellness & sauna, sauna apartm\u00e1n","url":"https:\/\/privatnilaznetom.cz\/","logo":{"@type":"ImageObject","inLanguage":"en-GB","@id":"https:\/\/privatnilaznetom.cz\/#\/schema\/logo\/image\/","url":"https:\/\/privatnilaznetom.cz\/wp-content\/uploads\/2025\/09\/Lazne-tom-black-1080.png","contentUrl":"https:\/\/privatnilaznetom.cz\/wp-content\/uploads\/2025\/09\/Lazne-tom-black-1080.png","width":1080,"height":506,"caption":"L\u00e1zn\u011b TOM"},"image":{"@id":"https:\/\/privatnilaznetom.cz\/#\/schema\/logo\/image\/"},"sameAs":["https:\/\/www.facebook.com\/laznetom","https:\/\/www.instagram.com\/laznetom\/"]}]}},"_links":{"self":[{"href":"https:\/\/privatnilaznetom.cz\/en\/wp-json\/wp\/v2\/product\/8407","targetHints":{"allow":["GET"]}}],"collection":[{"href":"https:\/\/privatnilaznetom.cz\/en\/wp-json\/wp\/v2\/product"}],"about":[{"href":"https:\/\/privatnilaznetom.cz\/en\/wp-json\/wp\/v2\/types\/product"}],"wp:featuredmedia":[{"embeddable":true,"href":"https:\/\/privatnilaznetom.cz\/en\/wp-json\/wp\/v2\/media\/9292"}],"wp:attachment":[{"href":"https:\/\/privatnilaznetom.cz\/en\/wp-json\/wp\/v2\/media?parent=8407"}],"wp:term":[{"taxonomy":"product_brand","embeddable":true,"href":"https:\/\/privatnilaznetom.cz\/en\/wp-json\/wp\/v2\/product_brand?post=8407"},{"taxonomy":"product_cat","embeddable":true,"href":"https:\/\/privatnilaznetom.cz\/en\/wp-json\/wp\/v2\/product_cat?post=8407"},{"taxonomy":"product_tag","embeddable":true,"href":"https:\/\/privatnilaznetom.cz\/en\/wp-json\/wp\/v2\/product_tag?post=8407"}],"curies":[{"name":"wp","href":"https:\/\/api.w.org\/{rel}","templated":true}]}}